{"id":686,"date":"2022-02-24T10:11:10","date_gmt":"2022-02-24T08:11:10","guid":{"rendered":"https:\/\/aatos.marjaleena.fi\/?page_id=686"},"modified":"2022-04-29T14:53:09","modified_gmt":"2022-04-29T11:53:09","slug":"aatos-ja-marja-leena","status":"publish","type":"page","link":"https:\/\/aatos.marjaleena.fi\/","title":{"rendered":"Aatos ja Marja-Leena"},"content":{"rendered":"\n\n\t\t\t\t<img src=\"https:\/\/aatos.marjaleena.fi\/wp-content\/uploads\/2022\/02\/keikkaflyer-web.jpg\" alt=\"keikkaflyer web\" itemprop=\"image\" title=\"keikkaflyer web\" onerror=\"this.style.display='none'\"  \/>\n\t\t<h3>Bio<\/h3>\t\t\n\t\t\t<p>Aatos &amp; Marja-Leena projekti on soittanut alkus\u00e4velens\u00e4 jo vuonna 2014. Vuosien aikana idea ja ajatus on kehittynyt ja muotoutunut.<\/p>\n<p>Musiikissamme kuuluu vivahteita bluesista, rockista, popista ja reggaesta. Lauluissa k\u00e4sittelemme el\u00e4m\u00e4\u00e4 omien kokemusten ja oivallusten kautta sek\u00e4 otamme kantaa nykyp\u00e4iv\u00e4\u00e4n.<\/p>\n<p>Musiikissa parasta on se fiilis ja se tunne. Toivomme sen v\u00e4littyv\u00e4n laulujemme kautta kuulijoille.<\/p>\n\t\t\t\t<img src=\"https:\/\/aatos.marjaleena.fi\/wp-content\/uploads\/2022\/02\/haluatko-keskustella.jpg\" alt=\"Aatos Pokela\" itemprop=\"image\" title=\"Aatos Pokela\" onerror=\"this.style.display='none'\"  \/>\n<h2>\n\t\tAatos Pokela\n\t<\/h2>\n\t<p>Olen ennen kaikkea unelmoija ja el\u00e4m\u00e4st\u00e4 nautiskelija. Kitaran soiton lis\u00e4ksi laulan ja soitan mm. bassoa, rumpuja sek\u00e4 koskettimia. Olen my\u00f6s kova puhumaan ja tulevaisuudessa t\u00e4ht\u00e4imen\u00e4 on p\u00e4\u00e4st\u00e4 luennoimaan unelmista, onnellisesta el\u00e4m\u00e4st\u00e4 ja tiimi-ty\u00f6skentelyst\u00e4.<\/p>\n<p>Kotisivuni l\u00f6ytyv\u00e4t osoitteesta <a href=\"https:\/\/aatospokela.fi\"><strong>aatospokela.fi<\/strong><\/a> , sivuilta l\u00f6ytyy blogini sek\u00e4 minun ja Marja-Leenan podcast Hetki\u00e4 ja Oivalluksia.<\/p>\n<p>Mahtavaa, iloista ja unelmien t\u00e4yteist\u00e4 t\u00e4t\u00e4 hetke\u00e4 just sulle!<\/p>\n<h2>\n\t\tMarja-Leena\n\t<\/h2>\n\t<p>Olen helposti innostuva unelmien ja ideoiden jahtaaja. Laulamisen lis\u00e4ksi soitan my\u00f6s kitaraa ja fiiliksell\u00e4 harjoittelen kaikkia muitakin soittimia. Sanoituksia olen kirjoittanut 7 vuoden ajan. Rakastan kaikkea luovaa toimintaa ja el\u00e4m\u00e4ss\u00e4 pyrin tekem\u00e4\u00e4n asioita mitk\u00e4 tuntuvat syd\u00e4mess\u00e4 hyv\u00e4lt\u00e4. T\u00e4ht\u00e4imen\u00e4 on saattaa valmiiksi albumillinen biisej\u00e4.<\/p>\n<p>Kotisivuni l\u00f6ytyv\u00e4t osoitteesta <a href=\"https:\/\/marja-leena.fi\"><strong>marja-leena.fi<\/strong><\/a><\/p>\n<p>Don&#8217;tBeShy!<\/p>\n\t\t\t\t<img src=\"https:\/\/aatos.marjaleena.fi\/wp-content\/uploads\/2022\/02\/Marja-Leena.jpg\" alt=\"Marja-Leena\" itemprop=\"image\" title=\"Marja-Leena\" onerror=\"this.style.display='none'\"  \/>\n\t\t<h3>Tulevat keikat<\/h3>\t\t\n\t\t\t<p>11.6.2022 &#8211; Tuulentupa, Kustavi<\/p>\n<p>11.6.2022 &#8211; Suvitori, Kustavi<\/p>\n<p>2.7.2022 &#8211; Rokulip\u00e4iv\u00e4t, Alaj\u00e4rvi<\/p>\n\t\t<h3>Menneet keikat<\/h3>\t\t\n\t\t\t<p>5.1.2022 &#8211; Yksityistilaisuus, Tampere<\/p>\n<p>23.10.2021 &#8211; Yksityistilaisuus, Er\u00e4j\u00e4rvi<\/p>\n<p>18.9.2021 &#8211; Saunalauttaristeilu, Tampere (<em>yksityistilaisuus<\/em>)<\/p>\n<p>7.8.2021 &#8211; Syntym\u00e4p\u00e4iv\u00e4juhlat, Nurmij\u00e4rvi (<em>yksityistilaisuus<\/em>)<\/p>\n<p>31.7.2021 &#8211; Er\u00e4j\u00e4rven markkinat<\/p>\n<p>24.7.2021 &#8211; Tammisen Suviseurat, Er\u00e4j\u00e4rvi<\/p>\n\t\t<h3>Yhtestiedot<\/h3>\t\t\n\t\t\t<p>Aatos Pokela<\/p>\n<p><em>info@aatospokela.fi<\/em><\/p>\n<p>Marja-Leena<\/p>\n<p><em>info@marja-leena.fi<\/em><\/p>\n<h2>\n\t\tKeikkavideot\n\t<\/h2>\n\t<center><iframe loading=\"lazy\" width=\"560\" height=\"315\" src=\"https:\/\/www.youtube.com\/embed\/_qeGotFvUA4\" title=\"YouTube video player\" frameborder=\"0\" allow=\"accelerometer; autoplay; clipboard-write; encrypted-media; gyroscope; picture-in-picture\" allowfullscreen><\/iframe>\n<\/center>\n\t\t\t\t<a href=\"https:\/\/dontbeshy-records.com\" target=\"_self\" itemprop=\"url\" rel=\"noopener\">\n\t\t\t\t<img loading=\"lazy\" src=\"https:\/\/marja-leena.fi\/wp-content\/uploads\/2021\/02\/dbs-records-logo.png\" alt=\"dbs-records-logo\" itemprop=\"image\" height=\"149\" width=\"281\" title=\"dbs-records-logo\" onerror=\"this.style.display='none'\"  \/>\n\t\t\t\t<\/a>\n\n","protected":false},"excerpt":{"rendered":"<p>Bio Aatos &amp; Marja-Leena projekti on soittanut alkus\u00e4velens\u00e4 jo vuonna 2014. Vuosien aikana idea ja ajatus on kehittynyt ja muotoutunut. Musiikissamme kuuluu vivahteita bluesista, rockista, popista ja reggaesta. Lauluissa k\u00e4sittelemme el\u00e4m\u00e4\u00e4 omien kokemusten ja oivallusten kautta sek\u00e4 otamme kantaa nykyp\u00e4iv\u00e4\u00e4n. Musiikissa parasta on se fiilis ja se tunne. Toivomme sen v\u00e4littyv\u00e4n laulujemme kautta kuulijoille. Aatos&hellip;<\/p>\n","protected":false},"author":1,"featured_media":0,"parent":0,"menu_order":0,"comment_status":"closed","ping_status":"closed","template":"","meta":[],"_links":{"self":[{"href":"https:\/\/aatos.marjaleena.fi\/index.php?rest_route=\/wp\/v2\/pages\/686"}],"collection":[{"href":"https:\/\/aatos.marjaleena.fi\/index.php?rest_route=\/wp\/v2\/pages"}],"about":[{"href":"https:\/\/aatos.marjaleena.fi\/index.php?rest_route=\/wp\/v2\/types\/page"}],"author":[{"embeddable":true,"href":"https:\/\/aatos.marjaleena.fi\/index.php?rest_route=\/wp\/v2\/users\/1"}],"replies":[{"embeddable":true,"href":"https:\/\/aatos.marjaleena.fi\/index.php?rest_route=%2Fwp%2Fv2%2Fcomments&post=686"}],"version-history":[{"count":28,"href":"https:\/\/aatos.marjaleena.fi\/index.php?rest_route=\/wp\/v2\/pages\/686\/revisions"}],"predecessor-version":[{"id":953,"href":"https:\/\/aatos.marjaleena.fi\/index.php?rest_route=\/wp\/v2\/pages\/686\/revisions\/953"}],"wp:attachment":[{"href":"https:\/\/aatos.marjaleena.fi\/index.php?rest_route=%2Fwp%2Fv2%2Fmedia&parent=686"}],"curies":[{"name":"wp","href":"https:\/\/api.w.org\/{rel}","templated":true}]}}